{"id":52,"date":"2021-05-24T16:59:05","date_gmt":"2021-05-24T13:59:05","guid":{"rendered":"https:\/\/energydays.cumhuriyet.edu.tr\/?page_id=52"},"modified":"2024-12-27T08:47:29","modified_gmt":"2024-12-27T05:47:29","slug":"program","status":"publish","type":"page","link":"https:\/\/energydays.cumhuriyet.edu.tr\/?page_id=52","title":{"rendered":"Program"},"content":{"rendered":"\n<h2 class=\"wp-block-heading has-text-align-center\">27 ARALIK 2024<\/h2>\n\n\n\n<p><\/p>\n\n\n\n<h3 class=\"wp-block-heading\">09:00 | Kay\u0131t<\/h3>\n\n\n\n<h3 class=\"wp-block-heading\">09:30-10:00 A\u00c7ILI\u015e OTURUMU<\/h3>\n\n\n\n<p class=\"has-medium-font-size\"><strong>Prof. Dr. Ahmet \u015eENG\u00d6N\u00dcL |<\/strong> Cumhuriyet \u00dcniversitesi Rekt\u00f6r\u00fc<\/p>\n\n\n\n<p class=\"has-medium-font-size\"><strong>Prof. Dr. Mehmet KUL |<\/strong> Sivas Bilim ve Teknoloji \u00dcniversitesi Rekt\u00f6r\u00fc<\/p>\n\n\n\n<p class=\"has-medium-font-size\"><strong>Dr.  Adem UZUN <\/strong>| Belediye Ba\u015fkan\u0131<\/p>\n\n\n\n<p class=\"has-medium-font-size\"><strong>Rukiye TOY |<\/strong> AK Parti Sivas Milletvekili<\/p>\n\n\n\n<p class=\"has-medium-font-size\"><strong>Abdullah TANCAN |<\/strong> Enerji ve Tabii Kaynaklar Bakan Yard\u0131mc\u0131s\u0131<\/p>\n\n\n\n<p class=\"has-medium-font-size\"><strong>Nevzat \u015eATIRO\u011eLU |<\/strong> Enerji ve Tabii Kaynaklar Bakan Yard\u0131mc\u0131s\u0131<\/p>\n\n\n\n<p class=\"has-medium-font-size\"><strong>Dr. Y\u0131lmaz \u015e\u0130M\u015eEK |<\/strong> Sivas Valisi<\/p>\n\n\n\n<p class=\"has-medium-font-size\"><strong>Abdullah G\u00dcLER |<\/strong> TBMM AK Parti Grup Ba\u015fkan\u0131<\/p>\n\n\n\n<p><\/p>\n\n\n\n<h3 class=\"wp-block-heading\">10:00-12:00 I. OTURUM<\/h3>\n\n\n\n<p class=\"has-medium-font-size\"><strong>Oturum Ba\u015fkan\u0131: Dr. \u00d6\u011fr. \u00dcyesi Derya Bet\u00fcl \u00dcNSAL |<\/strong> Yenilenebilir Enerji Uygulama ve Ara\u015ft\u0131rma Merkezi M\u00fcd\u00fcr\u00fc <\/p>\n\n\n\n<p class=\"has-medium-font-size\"><strong>Prof. Dr. Volkan \u00d6NGEL |<\/strong> \u0130stanbul Beykent \u00dcniversitesi Rekt\u00f6r\u00fc | &#8220;Metaverse: Snob Etkisi mi? Ekonomi \u00f6tesi mi?&#8221;<\/p>\n\n\n\n<p class=\"has-medium-font-size\"><strong>Do\u00e7. Dr. Mehmet Naci EFE |<\/strong> \u0130stanbul Beykent \u00dcniversitesi | \u201cYapay Zeka ve Giri\u015fimcilik: \u00dcniversite, \u0130\u015f D\u00fcnyas\u0131 ve Kamu Entegrasyonu ile Gelece\u011fi \u015eekillendirmek\u201d<br><br><\/p>\n\n\n\n<h3 class=\"wp-block-heading\">10:45-11:00 \u00c7ay &#8211; Kahve Aras\u0131<\/h3>\n\n\n\n<p class=\"has-medium-font-size\"><strong>Zafer BENL\u0130 |<\/strong> Elektrik \u00dcretim A.\u015e. Genel M\u00fcd\u00fcr\u00fc<\/p>\n\n\n\n<p class=\"has-medium-font-size\"><strong>Prof. Dr. \u015eeref SA\u011eIRO\u011eLU |<\/strong> Gazi \u00dcniversitesi | \u201cYapay zeka \u00e7a\u011f\u0131nda g\u00fcncel geli\u015fmeler ve zorluklar\u201d<\/p>\n\n\n\n<p><\/p>\n\n\n\n<h3 class=\"wp-block-heading\">12:00 | \u00d6\u011fle Yeme\u011fi<\/h3>\n\n\n\n<h3 class=\"wp-block-heading\">13:30-17:00 II. OTURUM<\/h3>\n\n\n\n<p><strong>Oturum Ba\u015fkan\u0131: Do\u00e7. Dr. A. G\u00fcrkan Y\u00dcKSEK | <\/strong>Yapay Zeka ve Veri Bilimi Uygulama ve Ara\u015ft\u0131rma Merkezi M\u00fcd\u00fcr\u00fc<\/p>\n\n\n\n<p><strong>Prof. Dr. Dervi\u015f KARABO\u011eA |<\/strong> Erciyes \u00dcniversitesi, Y\u00d6K \u00dcyesi | \u201cABC algoritmas\u0131 ve su temininde enerji tasarrufu amac\u0131yla kullan\u0131m\u0131\u201d<\/p>\n\n\n\n<p><strong>Dr. \u00d6\u011fr. \u00dcyesi H\u00fcseyin Oktay ALTUN |<\/strong> Bo\u011fazi\u00e7i \u00dcniversitesi, Yapay Zeka Enstit\u00fcs\u00fc | \u201cSanayi\u2019de yapay zeka\u201d<\/p>\n\n\n\n<p><strong>Sadettin MELENL\u0130 \u2013 \u00d6mer Faruk ALTUNTA\u015e |<\/strong> NTT DATA SOLUTIONS | \u201cS\u00fcrd\u00fcr\u00fclebilirlik S\u00fcre\u00e7lerinin dijitalle\u015ftirilmesi i\u00e7in \u0130mplika\u201d<\/p>\n\n\n\n<p><strong>Emrah Berat B\u0130RSEN |<\/strong> T\u00fcrkiye Enerji, N\u00fckleer ve Maden Ara\u015ft\u0131rma Kurumu, Destek Hizmetleri Ba\u015fkan\u0131<\/p>\n\n\n\n<p><\/p>\n\n\n\n<h3 class=\"wp-block-heading\">15:00 \u00c7ay &#8211; Kahve Aras\u0131<\/h3>\n\n\n\n<p><strong>Burak \u00c7AYKENARI |<\/strong> ASELSAN | \u201cG\u00fc\u00e7 Elektroni\u011fi Uygulamalar\u0131nda Yapay Zeka Destekli Yakla\u015f\u0131mlar\u201d<\/p>\n\n\n\n<p><strong>Dr. \u00d6\u011fr. \u00dcyesi Emre Eren KORKMAZ |<\/strong> Oxford Universitesi | \u201cYapay Zeka ile Do\u011fal Afet Tahmini\u201d<\/p>\n\n\n\n<p><strong>Dr. Nermin KIBRISLIO\u011eLU UYSAL |<\/strong> InterSystems, Cambridge | \u201cLLM\u2019s ve Uygulama alanlar\u0131\u201d<\/p>\n\n\n\n<h3 class=\"wp-block-heading\"><strong>17:00 | Te\u015fekk\u00fcr Belgesi ve Plaket Takdimi<\/strong><\/h3>\n\n\n\n<h3 class=\"wp-block-heading\"><strong>17:30 | Kapan\u0131\u015f<\/strong><\/h3>\n\n\n\n<p><\/p>\n\n\n\n<p><\/p>\n\n\n\n<h3 class=\"wp-block-heading has-text-align-center\"><strong>27 ARALIK 2024 | 100. YIL K\u00dcLT\u00dcR MERKEZ\u0130<\/strong><\/h3>\n\n\n\n<p class=\"has-text-align-center\"><strong>S\u0130VAS CUMHUR\u0130YET \u00dcN\u0130VERS\u0130TES\u0130<\/strong><\/p>\n","protected":false},"excerpt":{"rendered":"<p>27 ARALIK 2024 09:00 | Kay\u0131t 09:30-10:00 A\u00c7ILI\u015e OTURUMU Prof. Dr. Ahmet \u015eENG\u00d6N\u00dcL | Cumhuriyet \u00dcniversitesi Rekt\u00f6r\u00fc Prof. Dr. Mehmet KUL | Sivas Bilim ve Teknoloji \u00dcniversitesi Rekt\u00f6r\u00fc Dr. Adem UZUN | Belediye Ba\u015fkan\u0131 Rukiye TOY | AK Parti Sivas Milletvekili Abdullah TANCAN | Enerji ve Tabii Kaynaklar Bakan Yard\u0131mc\u0131s\u0131 Nevzat \u015eATIRO\u011eLU | Enerji ve &hellip; <\/p>\n","protected":false},"author":1,"featured_media":0,"parent":0,"menu_order":0,"comment_status":"closed","ping_status":"closed","template":"","meta":{"footnotes":""},"class_list":["post-52","page","type-page","status-publish","hentry"],"_links":{"self":[{"href":"https:\/\/energydays.cumhuriyet.edu.tr\/index.php?rest_route=\/wp\/v2\/pages\/52","targetHints":{"allow":["GET"]}}],"collection":[{"href":"https:\/\/energydays.cumhuriyet.edu.tr\/index.php?rest_route=\/wp\/v2\/pages"}],"about":[{"href":"https:\/\/energydays.cumhuriyet.edu.tr\/index.php?rest_route=\/wp\/v2\/types\/page"}],"author":[{"embeddable":true,"href":"https:\/\/energydays.cumhuriyet.edu.tr\/index.php?rest_route=\/wp\/v2\/users\/1"}],"replies":[{"embeddable":true,"href":"https:\/\/energydays.cumhuriyet.edu.tr\/index.php?rest_route=%2Fwp%2Fv2%2Fcomments&post=52"}],"version-history":[{"count":19,"href":"https:\/\/energydays.cumhuriyet.edu.tr\/index.php?rest_route=\/wp\/v2\/pages\/52\/revisions"}],"predecessor-version":[{"id":483,"href":"https:\/\/energydays.cumhuriyet.edu.tr\/index.php?rest_route=\/wp\/v2\/pages\/52\/revisions\/483"}],"wp:attachment":[{"href":"https:\/\/energydays.cumhuriyet.edu.tr\/index.php?rest_route=%2Fwp%2Fv2%2Fmedia&parent=52"}],"curies":[{"name":"wp","href":"https:\/\/api.w.org\/{rel}","templated":true}]}}