{"id":54,"date":"2021-05-24T16:59:29","date_gmt":"2021-05-24T13:59:29","guid":{"rendered":"https:\/\/energydays.cumhuriyet.edu.tr\/?page_id=54"},"modified":"2024-12-26T22:25:37","modified_gmt":"2024-12-26T19:25:37","slug":"davetli-konusmacilar","status":"publish","type":"page","link":"https:\/\/energydays.cumhuriyet.edu.tr\/?page_id=54","title":{"rendered":"Davetli Konu\u015fmac\u0131lar"},"content":{"rendered":"\n<figure class=\"wp-block-image size-large is-resized\"><img decoding=\"async\" src=\"https:\/\/www.cumhuriyet.edu.tr\/resimler\/prof_dr_ahmet_sengonul.jpg\" alt=\"\" style=\"object-fit:cover;width:300px;height:300px\"\/><\/figure>\n\n\n\n<h4 class=\"wp-block-heading\">Prof. Dr. Ahmet \u015eENG\u00d6N\u00dcL |&nbsp;<strong>Cumhuriyet \u00dcniversitesi Rekt\u00f6r\u00fc<\/strong><\/h4>\n\n\n\n<p>Prof. Dr. Ahmet \u015eeng\u00f6n\u00fcl, 1968 y\u0131l\u0131nda Sivas&#8217;ta do\u011fdu. \u0130lk ve orta \u00f6\u011frenimini Sivas&#8217;ta tamamlad\u0131. Sivas Cumhuriyet \u00dcniversitesi \u0130ktisadi ve \u0130dari Bilimler Fak\u00fcltesi, Ekonometri b\u00f6l\u00fcm\u00fc \u00f6\u011fretim \u00fcyesi iken Sivas Cumhuriyet \u00dcniversitesine Rekt\u00f6r olarak atanan Prof. Dr. Ahmet \u015eeng\u00f6n\u00fcl, akademik kariyerine Ankara \u00dcniversitesi Siyasal Bilgiler Fak\u00fcltesi \u0130ktisat B\u00f6l\u00fcm\u00fc&#8217;nden 1991 y\u0131l\u0131nda mezun olarak ba\u015flam\u0131\u015ft\u0131r. Prof. Dr. \u015eeng\u00f6n\u00fcl, y\u00fcksek lisans\u0131n\u0131 1997&#8217;de Amerika Birle\u015fik Devletleri\u2019nde (ABD) University of Connecticut&#8217;ta tamamlam\u0131\u015ft\u0131r. 2003 y\u0131l\u0131nda ABD\u2019de George Mason University&#8217;den ald\u0131\u011f\u0131 doktora derecesi ile ekonomi alan\u0131nda uzmanla\u015fm\u0131\u015ft\u0131r. Doktora tezi, T\u00fcrkiye&#8217;nin para politikalar\u0131 ve \u00f6zellikle 2000 krizi d\u00f6nemindeki banka-kredi kanal\u0131 ve T\u00fcrk bankac\u0131l\u0131k sisteminin risk y\u00f6netimi \u00fczerine derinlemesine bir inceleme sunmaktad\u0131r.<\/p>\n\n\n\n<hr class=\"wp-block-separator has-css-opacity is-style-wide\"\/>\n\n\n\n<figure class=\"wp-block-image size-large is-resized\"><img decoding=\"async\" src=\"https:\/\/encrypted-tbn3.gstatic.com\/images?q=tbn:ANd9GcRUIGOwhTct5YS5Lt5i8iQa9MvmTmE3IASKKCwEyWXQf9sqLtpxSHMeZRqKOyd2XOpddi6WllDg6Mx5gjcp8hw8xU-wLbAJgop6xuwxpVHp\" alt=\"\" style=\"object-fit:cover;width:300px;height:300px\"\/><\/figure>\n\n\n\n<h4 class=\"wp-block-heading\">Prof. Dr. Mehmet KUL |&nbsp;<strong>Sivas Bilim ve Teknoloji \u00dcniversitesi Rekt\u00f6r\u00fc<\/strong><\/h4>\n\n\n\n<p>Kahramanmara\u015f\/Elbistan\u2019da do\u011fdu. Orta Do\u011fu Teknik \u00dcniversitesi (ODT\u00dc)&nbsp;Metalurji M\u00fchendisli\u011fi B\u00f6l\u00fcm\u00fc\u2019nden 1995 y\u0131l\u0131nda mezun oldu. ODT\u00dc Fen Bilimleri Enstit\u00fcs\u00fc Metalurji ve Malzeme M\u00fchendisli\u011fi Anabilim Dal\u0131\u2019nda 1997 y\u0131l\u0131nda y\u00fcksek lisans\u0131n\u0131 ve 2003 y\u0131l\u0131nda doktoras\u0131n\u0131 tamamlad\u0131. 2011 y\u0131l\u0131nda Do\u00e7ent 2018 y\u0131l\u0131nda Profes\u00f6r unvanlar\u0131n\u0131 ald\u0131. T\u00fcrk Standartlar\u0131 Enstit\u00fcs\u00fc, ODT\u00dc ve Sivas Cumhuriyet \u00dcniversitesi M\u00fchendislik Fak\u00fcltesi Metalurji ve Malzeme M\u00fchendisli\u011finde \u00e7al\u0131\u015ft\u0131. ODT\u00dc&#8217;de Ferrous Extractive Metallurgy, Nonferrous Extractive Metallurgy, Advanced Thermodynamics, Extractive Metallurgy Laboratory gibi derslerin asistanl\u0131\u011f\u0131n\u0131 yapm\u0131\u015f, germanyum ve nadir toprak elementlerinin \u00fcretimi gibi savunma sanayi a\u00e7\u0131s\u0131ndan \u00f6nemli olan stratejik malzemelerin \u00fcretimi projelerinde yer alm\u0131\u015ft\u0131r.<\/p>\n\n\n\n<hr class=\"wp-block-separator has-css-opacity is-style-wide\"\/>\n\n\n\n<figure class=\"wp-block-image size-large is-resized\"><img decoding=\"async\" src=\"https:\/\/www.sivas.bel.tr\/\/AjaxResize.ashx?width=560&amp;file=Files\/adem_uzu\/druzun.JPG\" alt=\"\" style=\"object-fit:cover;width:300px;height:300px\"\/><\/figure>\n\n\n\n<h4 class=\"wp-block-heading\">Dr. Adem UZUN&nbsp;| <strong>Belediye Ba\u015fkan\u0131<\/strong><\/h4>\n\n\n\n<p>Sivas&#8217;ta 1980 y\u0131l\u0131nda do\u011fan Adem Uzun, ilk, orta ve lise e\u011fitimi Sivas&#8217;ta tamamlad\u0131. Sivas Cumhuriyet \u00dcniversitesi Sosyal Bilgiler \u00d6\u011fretmenli\u011fi b\u00f6l\u00fcm\u00fcn\u00fc bitiren Uzun, Y\u00fcksek Lisans ve Doktora e\u011fitimlerini Gazi \u00dcniversitesi E\u011fitim Bilimleri Enstit\u00fcs\u00fc&#8217;nde tamamlad\u0131.2014-2022 y\u0131llar\u0131 aras\u0131nda Sivas Bilim ve Sanat Merkezinde (B\u0130LSEM) M\u00fcd\u00fcr olarak g\u00f6rev yapan Uzun, 2022 y\u0131l\u0131ndan itibaren \u00d6\u011fretim \u00fcyesi olarak g\u00f6rev yapt\u0131\u011f\u0131 Sivas Cumhuriyet \u00dcniversitesi E\u011fitim Fak\u00fcltesi&#8217;nden 31 Mart Mahalli \u0130dareler se\u00e7imleri i\u00e7in ayr\u0131larak Sivas Belediye Ba\u015fkan\u0131 se\u00e7ildi.<\/p>\n\n\n\n<hr class=\"wp-block-separator has-css-opacity is-style-wide\"\/>\n\n\n\n<figure class=\"wp-block-image size-large is-resized\"><img decoding=\"async\" src=\"https:\/\/www.akparti.org.tr\/media\/2zfpwlqg\/sivas-rukiye-toy-akparti1.jpg\" alt=\"\" style=\"object-fit:cover;width:300px;height:300px\"\/><\/figure>\n\n\n\n<h4 class=\"wp-block-heading\">Rukiye TOY |&nbsp;<strong>AK Parti Sivas Milletvekili<\/strong><\/h4>\n\n\n\n<p>1975 Sivas do\u011fumludur. Sivas imam hatip lisesinden mezun olduktan sonra Dicle \u00dcniversitesi ilahiyat fak\u00fcltesinde e\u011fitimini tamamlad\u0131. Sivas radyo ve Tv. \u2018de kad\u0131nlara y\u00f6nelik programlar\u0131n yap\u0131mc\u0131l\u0131\u011f\u0131n\u0131 ve sunuculu\u011funu \u00fcstlendi. Sivas Belediyesi Hayat a\u011fac\u0131 derne\u011fi g\u0131da bankas\u0131nda \u00e7al\u0131\u015ft\u0131 ve \u00e7e\u015fitli sosyal sorumluluk projelerine imza att\u0131. Sivas Belediyesi e\u011fitim ve k\u00fclt\u00fcr m\u00fcd\u00fcrl\u00fc\u011f\u00fcnde k\u00fclt\u00fcr m\u00fcd\u00fcr yard\u0131mc\u0131s\u0131 olarak \u00e7al\u0131\u015ft\u0131. Halk e\u011fitim m\u00fcd\u00fcr\u00fc olarak g\u00f6rev yapt\u0131. S\u00f6z \u015fehri isimli derginin edit\u00f6rl\u00fc\u011f\u00fcn\u00fc yapt\u0131. \u00c7e\u015fitli yerel gazeteler de k\u00f6\u015fe yazarl\u0131\u011f\u0131 yapt\u0131. E\u011fitimci-yazar ve aktivistdir.<\/p>\n\n\n\n<hr class=\"wp-block-separator has-css-opacity is-style-wide\"\/>\n\n\n\n<figure class=\"wp-block-image size-large is-resized\"><img decoding=\"async\" src=\"https:\/\/www.akparti.org.tr\/media\/hzxbkuhl\/sivas-abdullah-g%C3%BCler-ak-parti1.jpg\" alt=\"\" style=\"object-fit:cover;width:300px;height:300px\"\/><\/figure>\n\n\n\n<h4 class=\"wp-block-heading\">Abdullah G\u00dcLER |&nbsp;<strong>TBMM AK Parti Grup Ba\u015fkan\u0131<\/strong><\/h4>\n\n\n\n<p>28 Mart 1969\u2019da Sivas\u2019ta do\u011fdu. \u0130lkokulu \u00dclk\u00fc \u0130lkokulunda, Ortaokulu ve Liseyi Sivas \u0130mam Hatip Lisesinde tamamlad\u0131. \u0130stanbul \u00dcniversitesi Hukuk Fak\u00fcltesini 1994 y\u0131l\u0131nda bitirdi. AK Parti \u0130stanbul \u0130l Ba\u015fkanl\u0131\u011f\u0131nda 2003- 2014 y\u0131llar\u0131 aras\u0131nda \u0130l Y\u00f6netim Kurulu \u00dcyeli\u011fi- \u0130l Se\u00e7im \u0130\u015fleri Ba\u015fkanl\u0131\u011f\u0131 g\u00f6revlerini y\u00fcr\u00fctt\u00fc.<\/p>\n\n\n\n<hr class=\"wp-block-separator has-css-opacity is-style-wide\"\/>\n\n\n\n<figure class=\"wp-block-image size-large is-resized\"><img decoding=\"async\" src=\"https:\/\/enerji.gov.tr\/\/Media\/Dizin\/YHGM\/tr\/Bakan_Yardimcilari\/Atancan.jpg\" alt=\"\" style=\"object-fit:cover;width:300px;height:300px\"\/><\/figure>\n\n\n\n<h4 class=\"wp-block-heading\">Abdullah TANCAN |&nbsp;<strong>Enerji ve Tabii Kaynaklar Bakan Yard\u0131mc\u0131s\u0131<\/strong><\/h4>\n\n\n\n<p>Abdullah TANCAN, 1966&#8217;da Gaziantep&#8217;te do\u011fmu\u015f, ilk, orta ve lise e\u011fitimini burada tamamlad\u0131ktan sonra 9 Eyl\u00fcl \u00dcniversitesi Elektrik ve Elektronik M\u00fchendisli\u011fi b\u00f6l\u00fcm\u00fcnden mezun olmu\u015ftur. 1988&#8217;de Gaziantep PTT Ba\u015fm\u00fcd\u00fcrl\u00fc\u011f\u00fcnde m\u00fchendis olarak ba\u015flad\u0131\u011f\u0131 kariyerinde, TEDA\u015e Gaziantep M\u00fcessese M\u00fcd\u00fcrl\u00fc\u011f\u00fc ve Ba\u015fkent Elektrik Da\u011f\u0131t\u0131m A.\u015e.&#8217;de y\u00f6neticilik g\u00f6revlerinde bulunmu\u015ftur. 2008-2010 y\u0131llar\u0131nda TEDA\u015e Genel M\u00fcd\u00fcr Yard\u0131mc\u0131s\u0131 ve T\u00fcrkiye Elektrik Da\u011f\u0131t\u0131m \u015eebekeleri Rehabilitasyon Projesi Ba\u015fkan\u0131 olarak \u00e7al\u0131\u015fm\u0131\u015ft\u0131r. 2010-2016 aras\u0131nda Enerji Piyasas\u0131 D\u00fczenleme Kurumu Kurul \u00dcyeli\u011fi, 2016-2018 aras\u0131nda Enerji ve Tabii Kaynaklar Bakanl\u0131\u011f\u0131 M\u00fcste\u015far Yard\u0131mc\u0131l\u0131\u011f\u0131 g\u00f6revlerini y\u00fcr\u00fctm\u00fc\u015ft\u00fcr. 2018 ve 2023 y\u0131llar\u0131nda Cumhurba\u015fkanl\u0131\u011f\u0131 kararnameleri ile Enerji ve Tabii Kaynaklar Bakanl\u0131\u011f\u0131 Bakan Yard\u0131mc\u0131l\u0131\u011f\u0131 g\u00f6revine atanm\u0131\u015ft\u0131r.<\/p>\n\n\n\n<hr class=\"wp-block-separator has-css-opacity is-style-wide\"\/>\n\n\n\n<figure class=\"wp-block-image size-large is-resized\"><img decoding=\"async\" src=\"https:\/\/enerji.gov.tr\/\/Media\/Dizin\/YHGM\/tr\/Bakan_Yardimcilari\/nevzat_satiroglu.jpg\" alt=\"\" style=\"object-fit:cover;width:300px;height:300px\"\/><\/figure>\n\n\n\n<h4 class=\"wp-block-heading\">Nevzat \u015eATIRO\u011eLU |&nbsp;<strong>Enerji ve Tabii Kaynaklar Bakan Yard\u0131mc\u0131s\u0131<\/strong><\/h4>\n\n\n\n<p>1967 \u0130stanbul do\u011fumlu, aslen Sivasl\u0131 olan \u015eat\u0131ro\u011flu, \u0130T\u00dc Makine Fak\u00fcltesi Makine M\u00fchendisli\u011fi lisans ve Beykent \u00dcniversitesi \u0130\u015fletme Y\u00f6netimi (MBA) y\u00fcksek lisans programlar\u0131n\u0131 tamamlad\u0131. \u0130GDA\u015e\u2019ta \u00e7e\u015fitli y\u00f6netim g\u00f6revlerinin yan\u0131 s\u0131ra \u00f6zel sekt\u00f6rde enerji \u015firketlerinde genel m\u00fcd\u00fcrl\u00fck ve y\u00f6netim kurulu ba\u015fkanvekilli\u011fi yapt\u0131. HES, do\u011fal gaz, yenilenebilir enerji ve termik santral projelerinde \u00e7al\u0131\u015ft\u0131, Y\u00fczer Depolama ve Gazla\u015ft\u0131rma \u00dcniteleri Projesinde Direkt\u00f6rl\u00fck yapt\u0131. Enerji ve Tabii Kaynaklar Bakanl\u0131\u011f\u0131na ba\u011fl\u0131 Elektrik \u00dcretim A\u015e Genel M\u00fcd\u00fcr\u00fc ve Y\u00f6netim Kurulu Ba\u015fkan\u0131 olarak g\u00f6rev ald\u0131. AK Parti \u0130stanbul Kurucu \u0130l Y\u00f6netim Kurulu \u00dcyesi ve \u015ei\u015fli \u0130l\u00e7e Ba\u015fkan\u0131 olarak siyasette yer ald\u0131. 27. d\u00f6nem \u0130stanbul Milletvekili olarak TBMM\u2019de Kamu \u0130ktisadi Te\u015febb\u00fcsleri Komisyonu Ba\u015fkanvekilli\u011fi yapt\u0131. 22\/06\/2023 tarihinde Enerji ve Tabii Kaynaklar Bakanl\u0131\u011f\u0131 Bakan Yard\u0131mc\u0131l\u0131\u011f\u0131na atanm\u0131\u015ft\u0131r. \u0130ngilizce bilmektedir.<\/p>\n\n\n\n<hr class=\"wp-block-separator has-css-opacity is-style-wide\"\/>\n\n\n\n<figure class=\"wp-block-image size-full is-resized\"><img loading=\"lazy\" decoding=\"async\" width=\"811\" height=\"559\" src=\"https:\/\/energydays.cumhuriyet.edu.tr\/wp-content\/uploads\/2024\/12\/Sivas_Valisi.jpg\" alt=\"\" class=\"wp-image-462\" style=\"object-fit:cover;width:300px;height:300px\" srcset=\"https:\/\/energydays.cumhuriyet.edu.tr\/wp-content\/uploads\/2024\/12\/Sivas_Valisi.jpg 811w, https:\/\/energydays.cumhuriyet.edu.tr\/wp-content\/uploads\/2024\/12\/Sivas_Valisi-300x207.jpg 300w, https:\/\/energydays.cumhuriyet.edu.tr\/wp-content\/uploads\/2024\/12\/Sivas_Valisi-768x529.jpg 768w\" sizes=\"auto, (max-width: 811px) 100vw, 811px\" \/><\/figure>\n\n\n\n<h4 class=\"wp-block-heading\">Dr. Y\u0131lmaz \u015e\u0130M\u015eEK |&nbsp;<strong>Sivas Valisi<\/strong><\/h4>\n\n\n\n<p>1971 y\u0131l\u0131nda Antalya&#8217;n\u0131n Gazipa\u015fa il\u00e7esinde do\u011fan Vali Dr. Y\u0131lmaz \u015eim\u015fek, ilk, orta ve lise e\u011fitimini Gazipa\u015fa\u2019da tamamlad\u0131. 1993 y\u0131l\u0131nda \u0130stanbul \u00dcniversitesi Siyasal Bilgiler Fak\u00fcltesi Kamu Y\u00f6netimi b\u00f6l\u00fcm\u00fcnden mezun oldu. 1994\u2019te Kaymakam Aday\u0131 olarak Ni\u011fde\u2019ye atanan \u015eim\u015fek, Seydiler, Do\u011fan\u015far ve Serinhisar\u2019da Kaymakam Vekilli\u011fi yapt\u0131 ve 8 ay \u0130ngiltere\u2019de dil e\u011fitimi ald\u0131. 2005\u2019te TODA\u0130E\u2019de &#8216;Kamu Y\u00f6netimi ve \u00dcst D\u00fczey Y\u00f6neticilik&#8217;, 2007\u2019de Portsmouth \u00dcniversitesi&#8217;nde &#8216;European Studies&#8217; alan\u0131nda y\u00fcksek lisans yapt\u0131. Halkap\u0131nar, Hamur, \u015eiran, Yenipazar Kaymakaml\u0131klar\u0131, Karaman Vali Yard\u0131mc\u0131l\u0131\u011f\u0131, Dalaman Kaymakaml\u0131\u011f\u0131 ve Pendik Kaymakaml\u0131\u011f\u0131 g\u00f6revlerinin ard\u0131ndan 2017-2022 y\u0131llar\u0131 aras\u0131nda Ni\u011fde Valili\u011fi yapt\u0131. 2021\u2019de Mu\u011fla S\u0131tk\u0131 Ko\u00e7man \u00dcniversitesi&#8217;nde Kamu Y\u00f6netimi alan\u0131nda doktoras\u0131n\u0131 tamamlayan \u015eim\u015fek, 2022 Valiler Kararnamesi ile Sivas Valili\u011fi&#8217;ne atand\u0131.<\/p>\n\n\n\n<hr class=\"wp-block-separator has-css-opacity is-style-wide\"\/>\n\n\n\n<figure class=\"wp-block-image size-large is-resized\"><img decoding=\"async\" src=\"https:\/\/avesis.cumhuriyet.edu.tr\/user\/image\/745\" alt=\"\" style=\"object-fit:cover;width:300px;height:300px\"\/><\/figure>\n\n\n\n<h4 class=\"wp-block-heading\">Dr. \u00d6\u011fr. \u00dcyesi Derya Bet\u00fcl \u00dcNSAL |&nbsp;<strong>Yenilenebilir Enerji Uygulama ve Ara\u015ft\u0131rma Merkezi M\u00fcd\u00fcr\u00fc<\/strong><\/h4>\n\n\n\n<hr class=\"wp-block-separator has-css-opacity is-style-wide\"\/>\n\n\n\n<figure class=\"wp-block-image size-large is-resized\"><img decoding=\"async\" src=\"https:\/\/www.irenec.org\/wp-content\/uploads\/2023\/04\/Vokan-Ongel.jpg\" alt=\"\" style=\"object-fit:cover;width:300px;height:300px\"\/><\/figure>\n\n\n\n<h4 class=\"wp-block-heading\">Prof. Dr. Volkan \u00d6NGEL |<strong>&nbsp;\u0130stanbul Beykent \u00dcniversitesi Rekt\u00f6r\u00fc<\/strong><\/h4>\n\n\n\n<p>1981 y\u0131l\u0131nda \u0130stanbul\u2019da do\u011fan Prof. Dr. Volkan \u00d6ngel, \u0130stanbul \u00dcniversitesi \u0130ktisat b\u00f6l\u00fcm\u00fcnden mezun olmu\u015f, Beykent \u00dcniversitesi Uluslararas\u0131 Ekonomi Politik ve \u0130\u015fletmecilik alan\u0131nda y\u00fcksek lisans, Marmara \u00dcniversitesi Ortado\u011fu \u0130ktisad\u0131 (2010) ve \u0130stanbul \u00dcniversitesi \u0130\u015fletme (2022) b\u00f6l\u00fcmlerinde doktora e\u011fitimlerini tamamlam\u0131\u015ft\u0131r. Akademik hayat\u0131na 2010 y\u0131l\u0131nda Beykent \u00dcniversitesi\u2019nde ba\u015flayan \u00d6ngel, ayn\u0131 \u00fcniversitenin Uluslararas\u0131 Ticaret ve Finansman b\u00f6l\u00fcm\u00fcnde Profes\u00f6r olarak g\u00f6rev yapmakta ve enstit\u00fc m\u00fcd\u00fcrl\u00fc\u011f\u00fc ile \u00e7e\u015fitli idari g\u00f6revlerde yer almaktad\u0131r. A\u011f\u0131rl\u0131kl\u0131 olarak lisans\u00fcst\u00fc d\u00fczeyde dersler veren ve ekonomi alan\u0131ndaki \u00e7al\u0131\u015fmalar\u0131yla tan\u0131nan \u00d6ngel, ulusal ve uluslararas\u0131 ekonomik yap\u0131lar\u0131n g\u00fcncel durumlar\u0131 \u00fczerine ara\u015ft\u0131rmalar y\u00fcr\u00fctmekte, etki de\u011feri y\u00fcksek makale, kitap ve bildiriler \u00fcretmektedir.<\/p>\n\n\n\n<hr class=\"wp-block-separator has-css-opacity is-style-wide\"\/>\n\n\n\n<figure class=\"wp-block-image size-large is-resized\"><img decoding=\"async\" src=\"https:\/\/mehmetnaciefe.com\/wp-content\/uploads\/2024\/08\/mne.002.jpeg\" alt=\"\" style=\"object-fit:cover;width:300px;height:300px\"\/><\/figure>\n\n\n\n<h4 class=\"wp-block-heading\">Do\u00e7. Dr. Mehmet Naci EFE |&nbsp;<strong>\u0130stanbul Beykent \u00dcniversitesi&nbsp;<\/strong><\/h4>\n\n\n\n<p>Do\u00e7. Dr. Mehmet Naci Efe, profesyonel g\u00fcvenlik ve entegre tesis y\u00f6netimi alanlar\u0131nda uzmanla\u015fm\u0131\u015f bir liderdir. Ekol Grup\u2019un kurucusu ve ba\u015fkan\u0131 olarak, sekt\u00f6r\u00fcnde yenilik\u00e7i \u00e7\u00f6z\u00fcmler sunma vizyonuyla hareket etmektedir. \u0130\u015f hayat\u0131nda edindi\u011fi 30 y\u0131l\u0131 a\u015fk\u0131n deneyimi ile bir\u00e7ok ba\u015far\u0131l\u0131 projeye imza atm\u0131\u015ft\u0131r.<\/p>\n\n\n\n<hr class=\"wp-block-separator has-css-opacity is-style-wide\"\/>\n\n\n\n<figure class=\"wp-block-image size-large is-resized\"><img decoding=\"async\" src=\"https:\/\/webim.euas.gov.tr\/file\/e361dc9d-0c33-41b2-8b17-f1f2bf4d288c?large=true\" alt=\"\" style=\"object-fit:cover;width:300px;height:300px\"\/><\/figure>\n\n\n\n<h4 class=\"wp-block-heading\">Zafer BENL\u0130 |&nbsp;<strong>Elektrik \u00dcretim A.\u015e. Genel M\u00fcd\u00fcr\u00fc<\/strong><\/h4>\n\n\n\n<p>1968 y\u0131l\u0131nda Sivas\u2019ta do\u011fan Zafer Benli, 1992\u2019de Gazi \u00dcniversitesi Kamu Y\u00f6netimi B\u00f6l\u00fcm\u00fc\u2019nden mezun olmu\u015f ve Gazi \u00dcniversitesi Sosyal Bilimler Enstit\u00fcs\u00fc \u0130\u015f Hukuku ve Sosyal G\u00fcvenlik Hukuku Anabilim Dal\u0131nda y\u00fcksek lisans\u0131na devam etmektedir. Memuriyet hayat\u0131na 1994\u2019te Ba\u015fbakanl\u0131k Devlet Personel Ba\u015fkanl\u0131\u011f\u0131nda Devlet Personel Uzman Yard\u0131mc\u0131s\u0131 olarak ba\u015flayan Benli, 1997\u2019de \u201cT\u00fcrkiye\u2019de Merkezi \u0130darenin Te\u015fkilat ve G\u00f6revleri\u201d ba\u015fl\u0131kl\u0131 uzmanl\u0131k teziyle Devlet Personel Uzman\u0131 unvan\u0131n\u0131 alm\u0131\u015ft\u0131r.<\/p>\n\n\n\n<p>2002\u2019de Kamu \u0130hale Kurumu\u2019nda kurulu\u015f, insan kaynaklar\u0131, organizasyon ve ikincil mevzuat \u00e7al\u0131\u015fmalar\u0131n\u0131 y\u00fcr\u00fctm\u00fc\u015f, Kamu \u0130hale Uzman\u0131 olarak atanm\u0131\u015ft\u0131r. \u0130ngiltere Nottingham \u00dcniversitesi\u2019nde ve \u0130talya\u2019da Avrupa Birli\u011fi ihale uygulamalar\u0131 \u00fczerine e\u011fitimler alm\u0131\u015f, Kamu \u0130hale Kurumunda 400\u2019den fazla \u015fik\u00e2yeti inceleyerek karara ba\u011flam\u0131\u015ft\u0131r. 2007\u2019de Enerji ve Tabii Kaynaklar Bakanl\u0131\u011f\u0131na Bakan Dan\u0131\u015fman\u0131, 2008\u2019de M\u00fcste\u015far Yard\u0131mc\u0131s\u0131 olarak atanm\u0131\u015f ve halen ayn\u0131 g\u00f6revde bulunmaktad\u0131r. Ayr\u0131ca Soma Elektrik \u00dcretim A.\u015e., Elektrik \u00dcretim A.\u015e., T\u00fcrkiye Ta\u015fk\u00f6m\u00fcr\u00fc Kurumu, Eti Maden \u0130\u015fletmeleri ve D\u00fcnya Enerji Konseyi T\u00fcrkiye Y\u00f6netim Kurulu \u00dcyeliklerinde bulunmu\u015ftur.<\/p>\n\n\n\n<hr class=\"wp-block-separator has-css-opacity is-style-wide\"\/>\n\n\n\n<figure class=\"wp-block-image size-large is-resized\"><img decoding=\"async\" src=\"https:\/\/www.auszirvesi.org\/wp-content\/uploads\/2023\/01\/seref.jpg\" alt=\"\" style=\"object-fit:cover;width:300px;height:300px\"\/><\/figure>\n\n\n\n<h4 class=\"wp-block-heading\">Prof. Dr. \u015eeref SA\u011eIRO\u011eLU<strong> |<\/strong>&nbsp;<strong>Gazi \u00dcniversitesi<\/strong>&nbsp;<\/h4>\n\n\n\n<p>\u015eeref Sa\u011f\u0131ro\u011flu lisans e\u011fitimini 1987 y\u0131l\u0131nda Erciyes \u00dcniversitesi Elektronik M\u00fchendisli\u011fi B\u00f6l\u00fcm\u00fc&#8217;nde tamamlam\u0131\u015ft\u0131r. University of Wales College of Cardiff&#8217;te (bug\u00fcnk\u00fc Cardiff \u00dcniversitesi, \u0130ngiltere) 1994 y\u0131l\u0131nda doktora e\u011fitimini tamamlad\u0131. Akademik kariyerine Gazi \u00dcniversitesi Bilgisayar M\u00fchendisli\u011fi B\u00f6l\u00fcm\u00fc&#8217;nde Yaz\u0131l\u0131m M\u00fchendisli\u011fi alan\u0131nda profes\u00f6r olarak devam etmektedir. Sa\u011f\u0131ro\u011flu, 8000&#8217;den fazla at\u0131f ile se\u00e7kin bir akademisyendir. SCI\/SSCI indeksli dergilerde, ulusal ve uluslararas\u0131 konferans, sempozyum ve \u00e7al\u0131\u015ftaylarda yay\u0131nlanm\u0131\u015f 400&#8217;e yak\u0131n makalesi bulunmaktad\u0131r.<\/p>\n\n\n\n<hr class=\"wp-block-separator has-css-opacity is-style-wide\"\/>\n\n\n\n<figure class=\"wp-block-image size-large is-resized\"><img decoding=\"async\" src=\"https:\/\/avesis.cumhuriyet.edu.tr\/user\/image\/9745\" alt=\"\" style=\"object-fit:cover;width:300px;height:300px\"\/><\/figure>\n\n\n\n<h4 class=\"wp-block-heading\">Do\u00e7. Dr. A. G\u00fcrkan Y\u00dcKSEK |&nbsp;<strong>Yapay Zeka ve Veri Bilimi Uygulama ve Ara\u015ft\u0131rma Merkezi M\u00fcd\u00fcr\u00fc<\/strong><\/h4>\n\n\n\n<hr class=\"wp-block-separator has-css-opacity is-style-wide\"\/>\n\n\n\n<figure class=\"wp-block-image size-large is-resized\"><img decoding=\"async\" src=\"https:\/\/www.tbd.org.tr\/wp-content\/uploads\/2024\/01\/Prof.-Dr.-Dervis-KARABOGA.jpg\" alt=\"\" style=\"object-fit:cover;width:300px;height:300px\"\/><\/figure>\n\n\n\n<h4 class=\"wp-block-heading\">Prof. Dr. Dervi\u015f KARABO\u011eA |&nbsp;<strong>Erciyes \u00dcniversitesi, Y\u00d6K \u00dcyesi<\/strong><\/h4>\n\n\n\n<p>Erciyes \u00fcniversitesi Bilgisayar M\u00fchendisli\u011fi \u00f6\u011fretim \u00fcyesi Prof. Dr. Dervi\u015f Karabo\u011fa evli ve 2 \u00e7ocuk babas\u0131d\u0131r. \u201cYapay Zeka Optimizasyon Teknikleri\u201d kitab\u0131n\u0131n yazar\u0131d\u0131r. Akademik \u00e7evrelerce \u201cBilim Oscarlar\u0131\u201d olarak adland\u0131r\u0131lan T\u00fcrkiye\u2019den 10 akademisyenin girdi\u011fi \u2018D\u00fcnyan\u0131n En Etkili Bilim \u0130nsanlar\u0131 2017\u2019 listesinde yer ald\u0131. Artifical Bee Colony (Yapay Ar\u0131 Kolonisi) isimli algoritma \u00e7al\u0131\u015fmas\u0131yla yapay zeka konusunda d\u00fcnyada \u00f6nc\u00fc olan devletlerin bilim insanlar\u0131na \u00f6rnek oldu. Hayat\u0131na bilime adam\u0131\u015f bir akademisyen. Mehmet Akif Ersoy Sempozyumu ve Bilim Sanat \u00d6d\u00fclleri kapsam\u0131nda bilim kategorisinde \u201cFen Bilimleri\u201d alan\u0131nda \u00f6d\u00fcl almas\u0131n\u0131n yan\u0131 s\u0131ra Turkishtime Dergisi 2017 May\u0131s say\u0131s\u0131nda \u201cBilime y\u00f6n veren 100 T\u00fcrk\u201d s\u0131ralamas\u0131nda yer ald\u0131. T\u00fcrkiye Cumhuriyeti Cumhurba\u015fkanl\u0131\u011f\u0131 himayelerinde y\u00fcr\u00fct\u00fclen, 2023 T\u00fcrkiye Bilimler Akademisi (T\u00dcBA) Uluslararas\u0131 Akademi \u00d6d\u00fclleri\u2019nde Erciyes \u00dcniversitesi (ER\u00dc) M\u00fchendislik Fak\u00fcltesi \u00d6\u011fretim \u00dcyesi Prof. Dr. Dervi\u015f Karabo\u011fa \u00f6d\u00fcle lay\u0131k g\u00f6r\u00fcld\u00fc.<\/p>\n\n\n\n<hr class=\"wp-block-separator has-css-opacity is-style-wide\"\/>\n\n\n\n<figure class=\"wp-block-image size-large is-resized\"><img decoding=\"async\" src=\"https:\/\/dsai.bogazici.edu.tr\/sites\/dsai.boun.edu.tr\/files\/styles\/faculty\/public\/oktay-altun_0.jpeg?itok=KDHqRUfO&amp;c=c3ad898da1445cc203ff096037b393cd\" alt=\"\" style=\"object-fit:cover;width:300px;height:300px\"\/><\/figure>\n\n\n\n<h4 class=\"wp-block-heading\">Dr. \u00d6\u011fr. \u00dcyesi H\u00fcseyin Oktay ALTUN |&nbsp;<strong>Bo\u011fazi\u00e7i \u00dcniversitesi, Yapay Zeka Enstit\u00fcs\u00fc<\/strong><\/h4>\n\n\n\n<hr class=\"wp-block-separator has-css-opacity is-style-wide\"\/>\n\n\n\n<figure class=\"wp-block-image size-large\"><img decoding=\"async\" src=\"https:\/\/media.licdn.com\/dms\/image\/v2\/D4D03AQHG7zBK2XF79w\/profile-displayphoto-shrink_400_400\/profile-displayphoto-shrink_400_400\/0\/1668453846537?e=1740614400&amp;v=beta&amp;t=FLMSqdtm41ugIpejxI87p9c96FWOmjN9k9cqjA_Fb_Y\" alt=\"\"\/><\/figure>\n\n\n\n<h4 class=\"wp-block-heading\">Sadettin MELENL\u0130 |&nbsp;<strong>NTT DATA SOLUTIONS<\/strong><\/h4>\n\n\n\n<hr class=\"wp-block-separator has-css-opacity is-style-wide\"\/>\n\n\n\n<figure class=\"wp-block-image size-large\"><img decoding=\"async\" src=\"https:\/\/media.licdn.com\/dms\/image\/v2\/D4D03AQEEtHiBojPM5Q\/profile-displayphoto-shrink_400_400\/profile-displayphoto-shrink_400_400\/0\/1701974424046?e=1740614400&amp;v=beta&amp;t=U-5Kq22egWAWkRxZpbaLir3DUmRTJH9-yj3s0t6Txqs\" alt=\"\"\/><\/figure>\n\n\n\n<h4 class=\"wp-block-heading\">Emrah Berat B\u0130RSEN |&nbsp;<strong>T\u00fcrkiye Enerji, N\u00fckleer ve Maden Ara\u015ft\u0131rma Kurumu, Destek Hizmetleri Ba\u015fkan\u0131<\/strong><\/h4>\n\n\n\n<hr class=\"wp-block-separator has-css-opacity is-style-wide\"\/>\n\n\n\n<figure class=\"wp-block-image size-large is-resized\"><img decoding=\"async\" src=\"https:\/\/media.licdn.com\/dms\/image\/v2\/D4D03AQE7HkdIIdQ21w\/profile-displayphoto-shrink_400_400\/profile-displayphoto-shrink_400_400\/0\/1718434082239?e=1740614400&amp;v=beta&amp;t=4K8ODXjcndYJlqZrkyi5EG9GS8nNh24r_WVNchz51qM\" alt=\"\" style=\"object-fit:cover;width:300px;height:300px\"\/><\/figure>\n\n\n\n<h4 class=\"wp-block-heading\">Burak \u00c7AYKENARI |&nbsp;<strong>ASELSAN<\/strong><\/h4>\n\n\n\n<hr class=\"wp-block-separator has-css-opacity is-style-wide\"\/>\n\n\n\n<figure class=\"wp-block-image size-large is-resized\"><img decoding=\"async\" src=\"https:\/\/media.licdn.com\/dms\/image\/v2\/C4D03AQGbdEoSJizKrA\/profile-displayphoto-shrink_400_400\/profile-displayphoto-shrink_400_400\/0\/1602609894476?e=1740614400&amp;v=beta&amp;t=P2HCyxajW_ISb2lb-rCMMFDAX6hqe-vLUXMFCNCmmPA\" alt=\"\" style=\"object-fit:cover;width:300px;height:300px\"\/><\/figure>\n\n\n\n<h4 class=\"wp-block-heading\">Dr. Nermin KIBRISLIO\u011eLU UYSAL |&nbsp;<strong>InterSystems, Cambridge<\/strong>&nbsp;<\/h4>\n\n\n\n<hr class=\"wp-block-separator has-css-opacity is-style-wide\"\/>\n\n\n\n<h4 class=\"wp-block-heading\">Dr. \u00d6\u011fr. \u00dcyesi Emre Eren KORKMAZ |&nbsp;<strong>Oxford Universitesi<\/strong>&nbsp;<\/h4>\n\n\n\n<hr class=\"wp-block-separator has-css-opacity is-style-wide\"\/>\n\n\n\n<p><\/p>\n","protected":false},"excerpt":{"rendered":"<p>Prof. Dr. Ahmet \u015eENG\u00d6N\u00dcL |&nbsp;Cumhuriyet \u00dcniversitesi Rekt\u00f6r\u00fc Prof. Dr. Ahmet \u015eeng\u00f6n\u00fcl, 1968 y\u0131l\u0131nda Sivas&#8217;ta do\u011fdu. \u0130lk ve orta \u00f6\u011frenimini Sivas&#8217;ta tamamlad\u0131. Sivas Cumhuriyet \u00dcniversitesi \u0130ktisadi ve \u0130dari Bilimler Fak\u00fcltesi, Ekonometri b\u00f6l\u00fcm\u00fc \u00f6\u011fretim \u00fcyesi iken Sivas Cumhuriyet \u00dcniversitesine Rekt\u00f6r olarak atanan Prof. Dr. Ahmet \u015eeng\u00f6n\u00fcl, akademik kariyerine Ankara \u00dcniversitesi Siyasal Bilgiler Fak\u00fcltesi \u0130ktisat B\u00f6l\u00fcm\u00fc&#8217;nden 1991 y\u0131l\u0131nda &hellip; <\/p>\n","protected":false},"author":1,"featured_media":0,"parent":0,"menu_order":0,"comment_status":"closed","ping_status":"closed","template":"","meta":{"footnotes":""},"class_list":["post-54","page","type-page","status-publish","hentry"],"_links":{"self":[{"href":"https:\/\/energydays.cumhuriyet.edu.tr\/index.php?rest_route=\/wp\/v2\/pages\/54","targetHints":{"allow":["GET"]}}],"collection":[{"href":"https:\/\/energydays.cumhuriyet.edu.tr\/index.php?rest_route=\/wp\/v2\/pages"}],"about":[{"href":"https:\/\/energydays.cumhuriyet.edu.tr\/index.php?rest_route=\/wp\/v2\/types\/page"}],"author":[{"embeddable":true,"href":"https:\/\/energydays.cumhuriyet.edu.tr\/index.php?rest_route=\/wp\/v2\/users\/1"}],"replies":[{"embeddable":true,"href":"https:\/\/energydays.cumhuriyet.edu.tr\/index.php?rest_route=%2Fwp%2Fv2%2Fcomments&post=54"}],"version-history":[{"count":24,"href":"https:\/\/energydays.cumhuriyet.edu.tr\/index.php?rest_route=\/wp\/v2\/pages\/54\/revisions"}],"predecessor-version":[{"id":478,"href":"https:\/\/energydays.cumhuriyet.edu.tr\/index.php?rest_route=\/wp\/v2\/pages\/54\/revisions\/478"}],"wp:attachment":[{"href":"https:\/\/energydays.cumhuriyet.edu.tr\/index.php?rest_route=%2Fwp%2Fv2%2Fmedia&parent=54"}],"curies":[{"name":"wp","href":"https:\/\/api.w.org\/{rel}","templated":true}]}}